{"id":42,"date":"2025-01-16T16:46:52","date_gmt":"2025-01-16T16:46:52","guid":{"rendered":"https:\/\/keepmtlweird.com\/?page_id=42"},"modified":"2025-01-27T18:46:31","modified_gmt":"2025-01-27T18:46:31","slug":"a-propos","status":"publish","type":"page","link":"https:\/\/keepmtlweird.com\/en\/a-propos\/","title":{"rendered":"about"},"content":{"rendered":"<p class=\"has-medium-font-size\">Since 2016, Keep MTL Weird has been celebrating and showcasing Montreal\u2019s eclectic arts scene by championing innovative music, immersive events, and diverse artistic collaborations. Over the years, with the help of writers, contributors, and our community members, we\u2019ve worked to preserve this city\u2019s unique spirit by hosting DIY events, covering live shows, and publishing art reviews.<\/p>\n\n\n\n<p class=\"has-medium-font-size\">In 2025, we\u2019ll be launching our own label, Rihani Records, to keep doing what we\u2019ve always done: championing innovative music, immersive events, and one-of-a-kind artistic collaborations in Montreal. <a href=\"https:\/\/keepmtlweird.com\/en\/rihani-recs\/\" data-type=\"page\" data-id=\"132\"><strong>more info here<\/strong><\/a>.<\/p>\n\n\n\n<p>Pre 2022 archives : Unfortunately, during the pandemic, our web server was hacked, and the entire content of our website was deleted. Fortunately, all the content we created over the years is available through&nbsp;<strong><a href=\"https:\/\/web.archive.org\/web\/20250000000000*\/keepmtlweird.com\">Internet Archive<\/a><\/strong>.<\/p>\n\n\n\n<p class=\"has-medium-font-size\"><a href=\"https:\/\/web.archive.org\/web\/20250000000000*\/keepmtlweird.com\">\u29d6 <em>archive<\/em><\/a><br><a href=\"https:\/\/www.facebook.com\/keepmtlweird\">\u21dd Facebook<\/a><br><a href=\"https:\/\/www.instagram.com\/keepmtlweird\">@Instagram<\/a><\/p>","protected":false},"excerpt":{"rendered":"<p>Depuis 2016, Keep MTL Weird c\u00e9l\u00e8bre et met en valeur la sc\u00e8ne artistique \u00e9clectique de Montr\u00e9al en soutenant la musique innovante, les \u00e9v\u00e9nements immersifs et les collaborations artistiques diversifi\u00e9es. Au fil des ann\u00e9es, avec l\u2019aide des \u00e9crivains, des contributeurs et des membres de notre communaut\u00e9, nous avons contribu\u00e9 \u00e0 pr\u00e9server le c\u00f4t\u00e9 atypique de cette [&hellip;]<\/p>","protected":false},"author":1,"featured_media":0,"parent":0,"menu_order":0,"comment_status":"closed","ping_status":"closed","template":"","meta":{"footnotes":""},"class_list":["post-42","page","type-page","status-publish","hentry"],"_links":{"self":[{"href":"https:\/\/keepmtlweird.com\/en\/wp-json\/wp\/v2\/pages\/42","targetHints":{"allow":["GET"]}}],"collection":[{"href":"https:\/\/keepmtlweird.com\/en\/wp-json\/wp\/v2\/pages"}],"about":[{"href":"https:\/\/keepmtlweird.com\/en\/wp-json\/wp\/v2\/types\/page"}],"author":[{"embeddable":true,"href":"https:\/\/keepmtlweird.com\/en\/wp-json\/wp\/v2\/users\/1"}],"replies":[{"embeddable":true,"href":"https:\/\/keepmtlweird.com\/en\/wp-json\/wp\/v2\/comments?post=42"}],"version-history":[{"count":13,"href":"https:\/\/keepmtlweird.com\/en\/wp-json\/wp\/v2\/pages\/42\/revisions"}],"predecessor-version":[{"id":195,"href":"https:\/\/keepmtlweird.com\/en\/wp-json\/wp\/v2\/pages\/42\/revisions\/195"}],"wp:attachment":[{"href":"https:\/\/keepmtlweird.com\/en\/wp-json\/wp\/v2\/media?parent=42"}],"curies":[{"name":"wp","href":"https:\/\/api.w.org\/{rel}","templated":true}]}}