{"id":139,"date":"2025-01-21T20:26:40","date_gmt":"2025-01-21T20:26:40","guid":{"rendered":"https:\/\/keepmtlweird.com\/?page_id=139"},"modified":"2025-01-21T20:26:40","modified_gmt":"2025-01-21T20:26:40","slug":"archive","status":"publish","type":"page","link":"https:\/\/keepmtlweird.com\/en\/archive\/","title":{"rendered":"archive"},"content":{"rendered":"<p class=\"has-medium-font-size\">Pre 2022 archives : Unfortunately, during the pandemic, our web server was hacked, and the entire content of our website was deleted. Fortunately, all the content we created over the years is available through\u00a0<strong><a href=\"https:\/\/web.archive.org\/web\/20250000000000*\/keepmtlweird.com\">Internet Archive<\/a><\/strong>. Cela signifie que toutes les critiques musicales \u00e9crites sur votre travail, ainsi que tout contenu que vous avez cr\u00e9\u00e9 en tant qu\u2019auteur ou dans d\u2019autres r\u00f4les, peuvent encore \u00eatre consult\u00e9s gr\u00e2ce \u00e0 ce lien.<\/p>\n\n\n\n<p class=\"has-medium-font-size\"><em>Unfortunately, during the pandemic, our web server was hacked, and the entire content of our website was deleted. Fortunately, all the content we created over the years is available through <strong><a href=\"https:\/\/web.archive.org\/web\/20250000000000*\/keepmtlweird.com\">Internet Archive<\/a><\/strong>. This means that all the music reviews written about your work, as well as any content you created as an author or in other roles, can still be accessed via this link.<\/em><\/p>\n\n\n\n<p><a href=\"https:\/\/www.facebook.com\/keepmtlweird\">\u21dd Facebook<\/a><br><a href=\"https:\/\/www.instagram.com\/keepmtlweird\">@Instagram<\/a><\/p>","protected":false},"excerpt":{"rendered":"<p>Malheureusement, pendant la pand\u00e9mie, notre serveur web a \u00e9t\u00e9 pirat\u00e9 et l\u2019int\u00e9gralit\u00e9 du contenu de notre site a \u00e9t\u00e9 supprim\u00e9e. Heureusement, tout le contenu que nous avons cr\u00e9\u00e9 au fil des ann\u00e9es est disponible via\u00a0Internet Archive. Cela signifie que toutes les critiques musicales \u00e9crites sur votre travail, ainsi que tout contenu que vous avez cr\u00e9\u00e9 [&hellip;]<\/p>","protected":false},"author":1,"featured_media":0,"parent":0,"menu_order":0,"comment_status":"closed","ping_status":"closed","template":"","meta":{"footnotes":""},"class_list":["post-139","page","type-page","status-publish","hentry"],"_links":{"self":[{"href":"https:\/\/keepmtlweird.com\/en\/wp-json\/wp\/v2\/pages\/139","targetHints":{"allow":["GET"]}}],"collection":[{"href":"https:\/\/keepmtlweird.com\/en\/wp-json\/wp\/v2\/pages"}],"about":[{"href":"https:\/\/keepmtlweird.com\/en\/wp-json\/wp\/v2\/types\/page"}],"author":[{"embeddable":true,"href":"https:\/\/keepmtlweird.com\/en\/wp-json\/wp\/v2\/users\/1"}],"replies":[{"embeddable":true,"href":"https:\/\/keepmtlweird.com\/en\/wp-json\/wp\/v2\/comments?post=139"}],"version-history":[{"count":1,"href":"https:\/\/keepmtlweird.com\/en\/wp-json\/wp\/v2\/pages\/139\/revisions"}],"predecessor-version":[{"id":140,"href":"https:\/\/keepmtlweird.com\/en\/wp-json\/wp\/v2\/pages\/139\/revisions\/140"}],"wp:attachment":[{"href":"https:\/\/keepmtlweird.com\/en\/wp-json\/wp\/v2\/media?parent=139"}],"curies":[{"name":"wp","href":"https:\/\/api.w.org\/{rel}","templated":true}]}}